{"id":68,"date":"2016-06-18T18:04:05","date_gmt":"2016-06-18T18:04:05","guid":{"rendered":"http:\/\/diplomaciafederativa.esy.es\/?page_id=68"},"modified":"2019-04-24T20:11:09","modified_gmt":"2019-04-24T23:11:09","slug":"eventos","status":"publish","type":"page","link":"https:\/\/cdf.direito.ufmg.br\/?page_id=68","title":{"rendered":"Eventos"},"content":{"rendered":"<p style=\"text-align: justify;\">\n<h2 style=\"text-align: justify;\">Seccri promove semin\u00e1rio sobre oportunidades de carreira na ONU<\/h2>\n<p style=\"text-align: justify;\">\n<div class=\"image\" style=\"text-align: justify;\">\n<p><img decoding=\"async\" src=\"http:\/\/www.casacivil.mg.gov.br\/images\/20160517_1557502.jpg\" alt=\"\" \/><\/p>\n<div class=\"caption\"><\/div>\n<\/div>\n<p style=\"text-align: justify;\">A Secretaria de Estado de Casa Civil e de Rela\u00e7\u00f5es Institucionais (SECCRI), juntamente com a equipe do projeto &#8220;Diplomacia Federativa e Coopera\u00e7\u00e3o Internacional&#8221; da Faculdade de Direito da UFMG, em parceria com o Minist\u00e9rio das Rela\u00e7\u00f5es Exteriores, promoveu, no dia 17 de maio, o semin\u00e1rio &#8220;United Nations and International Careers: Young Professionals Programme (YPP) Recruitment examination and further opportunities in the UN&#8221;.<\/p>\n<p style=\"text-align: justify;\">Participaram da mesa de debate o respons\u00e1vel por uma das unidades do escrit\u00f3rio de Recursos Humanos da ONU de Nova York, John Ericson e o vice-representante da United Nations Population Fund (UNFPA), Yves Sassenrath. Ambos discursaram sobre oportunidades, recrutamento, t\u00e9cnicas para inscri\u00e7\u00e3o e descri\u00e7\u00e3o dos cargos ligados \u00e0s carreiras nas Na\u00e7\u00f5es Unidas. Esteve presente tamb\u00e9m o professor Fabr\u00edcio Bertini Pasquot Polido, que apresentou seu projeto de pesquisa e extens\u00e3o para a comunidade.<\/p>\n<p style=\"text-align: justify;\">A professora Mariah Brochado, secret\u00e1ria adjunta da SECCRI est\u00e1 na coordena\u00e7\u00e3o do projeto ao lado do professor Fabr\u00edcio Polido. O projeto da Faculdade de Direito da UFMG se dedica \u00e0 pesquisa e \u00e0 pr\u00e1tica no \u00e2mbito da coopera\u00e7\u00e3o internacional e estudos avan\u00e7ados sobre a\u00e7\u00f5es de paradiplomacia, atua\u00e7\u00e3o internacional dos estados, regi\u00f5es e munic\u00edpios.<\/p>\n<p style=\"text-align: justify;\">A parceria entre SECCRI e UFMG destaca-se pela import\u00e2ncia da uni\u00e3o entre gest\u00e3o p\u00fablica \u00a0e o ambiente acad\u00eamico, evidenciando o car\u00e1ter de atividade de extens\u00e3o do projeto.\u00a0 A iniciativa, que tamb\u00e9m conta com o apoio da FAPEMIG, reafirma o m\u00e9rito em discutir quest\u00f5es relevantes para o Estado junto a acad\u00eamicos e pesquisadores, de modo a ampliar e aprofundar a abordagem de temas estrat\u00e9gicos para a gest\u00e3o p\u00fablica.<\/p>\n<p style=\"text-align: justify;\">A institui\u00e7\u00e3o do N\u00facleo Universit\u00e1rio Multidisciplinar para o Estado de Minas (NUMEM) foi o primeiro passo para estreitar os la\u00e7os entre pesquisa e gest\u00e3o. O projeto &#8220;Diplomacia Federativa e Coopera\u00e7\u00e3o Internacional&#8221; inaugura com grande \u00eaxito as atividades do N\u00facleo.<\/p>\n<p style=\"text-align: justify;\"><em>Foto por\u00a0Pedro Colombini\u00a0<\/em><\/p>\n","protected":false},"excerpt":{"rendered":"<p>Seccri promove semin\u00e1rio sobre oportunidades de carreira na ONU A Secretaria de Estado de Casa Civil e de Rela\u00e7\u00f5es Institucionais (SECCRI), juntamente com a equipe do projeto &#8220;Diplomacia Federativa e Coopera\u00e7\u00e3o Internacional&#8221; da Faculdade de Direito da UFMG, em parceria com o Minist\u00e9rio das Rela\u00e7\u00f5es Exteriores, promoveu, no dia 17 de maio, o semin\u00e1rio &#8220;United Nations and International Careers: Young Professionals Programme (YPP) Recruitment examination and further opportunities in the UN&#8221;. Participaram da mesa de debate o respons\u00e1vel por uma das unidades do escrit\u00f3rio de Recursos Humanos da ONU de Nova York, John Ericson e o vice-representante da United Nations Population Fund (UNFPA), Yves Sassenrath. Ambos discursaram sobre oportunidades, recrutamento, t\u00e9cnicas para inscri\u00e7\u00e3o e descri\u00e7\u00e3o dos cargos ligados \u00e0s carreiras nas Na\u00e7\u00f5es Unidas. Esteve presente tamb\u00e9m o professor Fabr\u00edcio Bertini Pasquot Polido, que apresentou seu projeto de pesquisa e extens\u00e3o para a comunidade. A professora Mariah Brochado, secret\u00e1ria adjunta da SECCRI est\u00e1 na coordena\u00e7\u00e3o do projeto ao lado do professor Fabr\u00edcio Polido. O projeto da Faculdade de Direito da UFMG se dedica \u00e0 pesquisa e \u00e0 pr\u00e1tica no \u00e2mbito da coopera\u00e7\u00e3o internacional e estudos avan\u00e7ados sobre a\u00e7\u00f5es de paradiplomacia, atua\u00e7\u00e3o internacional dos estados, regi\u00f5es e munic\u00edpios. A parceria entre SECCRI e UFMG destaca-se pela import\u00e2ncia da uni\u00e3o entre gest\u00e3o p\u00fablica \u00a0e o ambiente acad\u00eamico, evidenciando o car\u00e1ter de atividade de extens\u00e3o do projeto.\u00a0 A iniciativa, que tamb\u00e9m conta com o apoio da FAPEMIG, reafirma o m\u00e9rito em discutir quest\u00f5es relevantes para o Estado junto a acad\u00eamicos e pesquisadores, de modo a ampliar e aprofundar a abordagem de temas estrat\u00e9gicos para a gest\u00e3o p\u00fablica. A institui\u00e7\u00e3o do N\u00facleo Universit\u00e1rio Multidisciplinar para o Estado de Minas (NUMEM) foi o primeiro passo para estreitar os la\u00e7os entre pesquisa e gest\u00e3o. O projeto &#8220;Diplomacia Federativa e Coopera\u00e7\u00e3o Internacional&#8221; inaugura com grande \u00eaxito as atividades do N\u00facleo. Foto por\u00a0Pedro Colombini\u00a0<\/p>\n","protected":false},"author":1,"featured_media":0,"parent":0,"menu_order":0,"comment_status":"closed","ping_status":"closed","template":"","meta":{"footnotes":""},"class_list":["post-68","page","type-page","status-publish","hentry"],"_links":{"self":[{"href":"https:\/\/cdf.direito.ufmg.br\/index.php?rest_route=\/wp\/v2\/pages\/68","targetHints":{"allow":["GET"]}}],"collection":[{"href":"https:\/\/cdf.direito.ufmg.br\/index.php?rest_route=\/wp\/v2\/pages"}],"about":[{"href":"https:\/\/cdf.direito.ufmg.br\/index.php?rest_route=\/wp\/v2\/types\/page"}],"author":[{"embeddable":true,"href":"https:\/\/cdf.direito.ufmg.br\/index.php?rest_route=\/wp\/v2\/users\/1"}],"replies":[{"embeddable":true,"href":"https:\/\/cdf.direito.ufmg.br\/index.php?rest_route=%2Fwp%2Fv2%2Fcomments&post=68"}],"version-history":[{"count":0,"href":"https:\/\/cdf.direito.ufmg.br\/index.php?rest_route=\/wp\/v2\/pages\/68\/revisions"}],"wp:attachment":[{"href":"https:\/\/cdf.direito.ufmg.br\/index.php?rest_route=%2Fwp%2Fv2%2Fmedia&parent=68"}],"curies":[{"name":"wp","href":"https:\/\/api.w.org\/{rel}","templated":true}]}}