{"id":58,"date":"2016-06-18T18:02:59","date_gmt":"2016-06-18T18:02:59","guid":{"rendered":"http:\/\/diplomaciafederativa.esy.es\/?page_id=58"},"modified":"2019-04-24T20:11:09","modified_gmt":"2019-04-24T23:11:09","slug":"estudos-academicos","status":"publish","type":"page","link":"https:\/\/cdf.direito.ufmg.br\/?page_id=58","title":{"rendered":"Publica\u00e7\u00e3o de Estudos Acad\u00eamicos"},"content":{"rendered":"<p style=\"text-align: justify;\"><div class=\"su-row\">\n<p style=\"text-align: justify;\">A Cl\u00ednica de Paradiplomacia, por estar inserida no ambiente universit\u00e1rio, tamb\u00e9m objetiva a publica\u00e7\u00e3o de estudos acad\u00eamicos. Por meio de reuni\u00f5es da equipe da Cl\u00ednica, s\u00e3o realizadas discuss\u00f5es sobre a mat\u00e9ria submetida \u00e0 aprecia\u00e7\u00e3o.\u00a0 As atividades de extens\u00e3o do projeto, aliadas a um vasto trabalho de coleta te\u00f3rica, propiciam fundamenta\u00e7\u00e3o para a elabora\u00e7\u00e3o de trabalhos acad\u00eamicos a serem publicados.<\/p>\n<p style=\"text-align: justify;\"><\/div>\n","protected":false},"excerpt":{"rendered":"","protected":false},"author":1,"featured_media":0,"parent":0,"menu_order":0,"comment_status":"closed","ping_status":"closed","template":"","meta":{"footnotes":""},"class_list":["post-58","page","type-page","status-publish","hentry"],"_links":{"self":[{"href":"https:\/\/cdf.direito.ufmg.br\/index.php?rest_route=\/wp\/v2\/pages\/58","targetHints":{"allow":["GET"]}}],"collection":[{"href":"https:\/\/cdf.direito.ufmg.br\/index.php?rest_route=\/wp\/v2\/pages"}],"about":[{"href":"https:\/\/cdf.direito.ufmg.br\/index.php?rest_route=\/wp\/v2\/types\/page"}],"author":[{"embeddable":true,"href":"https:\/\/cdf.direito.ufmg.br\/index.php?rest_route=\/wp\/v2\/users\/1"}],"replies":[{"embeddable":true,"href":"https:\/\/cdf.direito.ufmg.br\/index.php?rest_route=%2Fwp%2Fv2%2Fcomments&post=58"}],"version-history":[{"count":0,"href":"https:\/\/cdf.direito.ufmg.br\/index.php?rest_route=\/wp\/v2\/pages\/58\/revisions"}],"wp:attachment":[{"href":"https:\/\/cdf.direito.ufmg.br\/index.php?rest_route=%2Fwp%2Fv2%2Fmedia&parent=58"}],"curies":[{"name":"wp","href":"https:\/\/api.w.org\/{rel}","templated":true}]}}