{"id":54,"date":"2016-06-18T18:02:34","date_gmt":"2016-06-18T18:02:34","guid":{"rendered":"http:\/\/diplomaciafederativa.esy.es\/?page_id=54"},"modified":"2019-04-24T20:11:09","modified_gmt":"2019-04-24T23:11:09","slug":"pareceres","status":"publish","type":"page","link":"https:\/\/cdf.direito.ufmg.br\/?page_id=54","title":{"rendered":"Estudos e pareceres"},"content":{"rendered":"<p style=\"text-align: justify;\"><div class=\"su-row\">\n<p style=\"text-align: justify;\">A Cl\u00ednica de Pr\u00e1ticas e Pesquisa em Diplomacia Federativa e Coopera\u00e7\u00e3o Internacional \u00e9 uma iniciativa da Universidade Federal de Minas Gerais (UFMG), sob a coordena\u00e7\u00e3o do Professor Fabr\u00edcio Bertini Pasquot Polido,\u00a0 criada em 2015, e atualmente mant\u00e9m importantes di\u00e1logos institucionais com estados e munic\u00edpios &#8211; entes federativos &#8211; na agenda de atividades de internacionaliza\u00e7\u00e3o.<\/p>\n<p style=\"text-align: justify;\">Recentemente, a Cl\u00ednica tem atuado conjuntamente em demandas de rela\u00e7\u00f5es exteriores da Secretaria de Estado de Casa Civil e Rela\u00e7\u00f5es Institucionais (SECCRI) do Estado de Minas Gerais, em projeto pioneiro sobre internacionaliza\u00e7\u00e3o das secretarias de Estado e inser\u00e7\u00e3o governamental no ambiente internacional.<\/p>\n<p style=\"text-align: justify;\">O eixo de Estudos da Cl\u00ednica tamb\u00e9m permite a presta\u00e7\u00e3o de assessoria em assuntos de coopera\u00e7\u00e3o internacional e diplomacia federativa, buscando tamb\u00e9m fornecer amparo para a elabora\u00e7\u00e3o de pareceres e instrumentos internacionais.<\/p>\n<p style=\"text-align: justify;\">O trabalho de emitir um parecer consiste em formular um documento, em forma escrita, a ser elaborado por uma equipe competente que manifesta seu pensamento, opini\u00e3o ou resposta acerca de um determinado instrumento internacional. Os pareceres da Cl\u00ednica s\u00e3o inspirados pela coes\u00e3o, clareza e objetividade de texto, sempre primando por uma satisfat\u00f3ria exposi\u00e7\u00e3o de conhecimento t\u00e9cnico de temas do direito internacional e coopera\u00e7\u00e3o internacional envolvendo \u00f3rg\u00e3os dos entes n\u00e3o-centrais &#8211; estados e munic\u00edpios, importantes atores das rela\u00e7\u00f5es paradiplom\u00e1ticas.<\/p>\n<p style=\"text-align: justify;\"><\/div>\n","protected":false},"excerpt":{"rendered":"","protected":false},"author":1,"featured_media":0,"parent":0,"menu_order":0,"comment_status":"closed","ping_status":"closed","template":"","meta":{"footnotes":""},"class_list":["post-54","page","type-page","status-publish","hentry"],"_links":{"self":[{"href":"https:\/\/cdf.direito.ufmg.br\/index.php?rest_route=\/wp\/v2\/pages\/54","targetHints":{"allow":["GET"]}}],"collection":[{"href":"https:\/\/cdf.direito.ufmg.br\/index.php?rest_route=\/wp\/v2\/pages"}],"about":[{"href":"https:\/\/cdf.direito.ufmg.br\/index.php?rest_route=\/wp\/v2\/types\/page"}],"author":[{"embeddable":true,"href":"https:\/\/cdf.direito.ufmg.br\/index.php?rest_route=\/wp\/v2\/users\/1"}],"replies":[{"embeddable":true,"href":"https:\/\/cdf.direito.ufmg.br\/index.php?rest_route=%2Fwp%2Fv2%2Fcomments&post=54"}],"version-history":[{"count":0,"href":"https:\/\/cdf.direito.ufmg.br\/index.php?rest_route=\/wp\/v2\/pages\/54\/revisions"}],"wp:attachment":[{"href":"https:\/\/cdf.direito.ufmg.br\/index.php?rest_route=%2Fwp%2Fv2%2Fmedia&parent=54"}],"curies":[{"name":"wp","href":"https:\/\/api.w.org\/{rel}","templated":true}]}}