{"id":49,"date":"2016-06-18T18:02:00","date_gmt":"2016-06-18T18:02:00","guid":{"rendered":"http:\/\/diplomaciafederativa.esy.es\/?page_id=49"},"modified":"2019-04-24T20:11:09","modified_gmt":"2019-04-24T23:11:09","slug":"metodologia","status":"publish","type":"page","link":"https:\/\/cdf.direito.ufmg.br\/?page_id=49","title":{"rendered":"Metodologia"},"content":{"rendered":"<p style=\"text-align: justify;\">Para alcan\u00e7ar seus objetivos, a equipe da Cl\u00ednica de Diplomacia Federativa, sob a supervis\u00e3o do coordenador acad\u00eamico Professor Dr. Fabr\u00edcio Bertini Pasquot Polido, busca estabelecer a\u00e7\u00f5es conjuntas de pesquisa-extensionista e de extens\u00e3o com \u00f3rg\u00e3os do Estado de Minas Gerais (Secretaria de Governo, Secretaria de Estado de Desenvolvimento Econ\u00f4mico, Secretaria de Estado da Fazenda, Secretaria de Estado de Planejamento e Gest\u00e3o e Secretaria de Ci\u00eancia e Tecnologia) e Munic\u00edpios mineiros j\u00e1 integrados em a\u00e7\u00f5es de estrutura\u00e7\u00e3o e gest\u00e3o de rela\u00e7\u00f5es de coopera\u00e7\u00e3o com organiza\u00e7\u00f5es internacionais e governos estrangeiros subnacionais. A Cl\u00ednica tamb\u00e9m busca ouvir membros de organiza\u00e7\u00f5es da sociedade civil e setor privado, e entes ligados ao Governo Federal, em especial Minist\u00e9rio das Rela\u00e7\u00f5es Exteriores (e.g. escrit\u00f3rio de representa\u00e7\u00e3o do MRE em Minas Gerais, Divis\u00e3o do Itamaraty para A\u00e7\u00f5es de Internacionaliza\u00e7\u00e3o e Subchefia de Assuntos Federativos) e Legislativo (Comiss\u00e3o de Rela\u00e7\u00f5es Exteriores e Defesa Nacional do Senado), para a compreens\u00e3o das demandas gerais e espec\u00edficas nesses temas.<\/p>\n<p style=\"text-align: justify;\">As a\u00e7\u00f5es de extens\u00e3o s\u00e3o realizadas a partir da aproxima\u00e7\u00e3o institucional com os atores interessados, contando com a discuss\u00e3o de quest\u00f5es pr\u00e1ticas enfrentadas pelo setor governamental (Estado), organiza\u00e7\u00f5es da sociedade civil e empresas no campo da diplomacia federativa. A atua\u00e7\u00e3o da Cl\u00ednica se complementa pela presta\u00e7\u00e3o de servi\u00e7os, assessoria e oferta pontual de cursos de extens\u00e3o, com o intuito de divulgar as principais tend\u00eancias da diplomacia federativa nos n\u00edveis estadual e municipal em Minas Gerais. Nesse \u00e2mbito, a CDF tem como interlocutores secretarias e conselhos do Estado de Minas e Munic\u00edpios, especialistas em rela\u00e7\u00f5es internacionais, direito internacional, pol\u00edticas p\u00fablicas nas \u00e1reas da miss\u00e3o da Cl\u00ednica.<\/p>\n","protected":false},"excerpt":{"rendered":"<p>Para alcan\u00e7ar seus objetivos, a equipe da Cl\u00ednica de Diplomacia Federativa, sob a supervis\u00e3o do coordenador acad\u00eamico Professor Dr. Fabr\u00edcio Bertini Pasquot Polido, busca estabelecer a\u00e7\u00f5es conjuntas de pesquisa-extensionista e de extens\u00e3o com \u00f3rg\u00e3os do Estado de Minas Gerais (Secretaria de Governo, Secretaria de Estado de Desenvolvimento Econ\u00f4mico, Secretaria de Estado da Fazenda, Secretaria de Estado de Planejamento e Gest\u00e3o e Secretaria de Ci\u00eancia e Tecnologia) e Munic\u00edpios mineiros j\u00e1 integrados em a\u00e7\u00f5es de estrutura\u00e7\u00e3o e gest\u00e3o de rela\u00e7\u00f5es de coopera\u00e7\u00e3o com organiza\u00e7\u00f5es internacionais e governos estrangeiros subnacionais. A Cl\u00ednica tamb\u00e9m busca ouvir membros de organiza\u00e7\u00f5es da sociedade civil e setor privado, e entes ligados ao Governo Federal, em especial Minist\u00e9rio das Rela\u00e7\u00f5es Exteriores (e.g. escrit\u00f3rio de representa\u00e7\u00e3o do MRE em Minas Gerais, Divis\u00e3o do Itamaraty para A\u00e7\u00f5es de Internacionaliza\u00e7\u00e3o e Subchefia de Assuntos Federativos) e Legislativo (Comiss\u00e3o de Rela\u00e7\u00f5es Exteriores e Defesa Nacional do Senado), para a compreens\u00e3o das demandas gerais e espec\u00edficas nesses temas. As a\u00e7\u00f5es de extens\u00e3o s\u00e3o realizadas a partir da aproxima\u00e7\u00e3o institucional com os atores interessados, contando com a discuss\u00e3o de quest\u00f5es pr\u00e1ticas enfrentadas pelo setor governamental (Estado), organiza\u00e7\u00f5es da sociedade civil e empresas no campo da diplomacia federativa. A atua\u00e7\u00e3o da Cl\u00ednica se complementa pela presta\u00e7\u00e3o de servi\u00e7os, assessoria e oferta pontual de cursos de extens\u00e3o, com o intuito de divulgar as principais tend\u00eancias da diplomacia federativa nos n\u00edveis estadual e municipal em Minas Gerais. Nesse \u00e2mbito, a CDF tem como interlocutores secretarias e conselhos do Estado de Minas e Munic\u00edpios, especialistas em rela\u00e7\u00f5es internacionais, direito internacional, pol\u00edticas p\u00fablicas nas \u00e1reas da miss\u00e3o da Cl\u00ednica.<\/p>\n","protected":false},"author":1,"featured_media":0,"parent":0,"menu_order":0,"comment_status":"closed","ping_status":"closed","template":"","meta":{"footnotes":""},"class_list":["post-49","page","type-page","status-publish","hentry"],"_links":{"self":[{"href":"https:\/\/cdf.direito.ufmg.br\/index.php?rest_route=\/wp\/v2\/pages\/49","targetHints":{"allow":["GET"]}}],"collection":[{"href":"https:\/\/cdf.direito.ufmg.br\/index.php?rest_route=\/wp\/v2\/pages"}],"about":[{"href":"https:\/\/cdf.direito.ufmg.br\/index.php?rest_route=\/wp\/v2\/types\/page"}],"author":[{"embeddable":true,"href":"https:\/\/cdf.direito.ufmg.br\/index.php?rest_route=\/wp\/v2\/users\/1"}],"replies":[{"embeddable":true,"href":"https:\/\/cdf.direito.ufmg.br\/index.php?rest_route=%2Fwp%2Fv2%2Fcomments&post=49"}],"version-history":[{"count":0,"href":"https:\/\/cdf.direito.ufmg.br\/index.php?rest_route=\/wp\/v2\/pages\/49\/revisions"}],"wp:attachment":[{"href":"https:\/\/cdf.direito.ufmg.br\/index.php?rest_route=%2Fwp%2Fv2%2Fmedia&parent=49"}],"curies":[{"name":"wp","href":"https:\/\/api.w.org\/{rel}","templated":true}]}}