{"id":43,"date":"2016-06-18T18:01:06","date_gmt":"2016-06-18T18:01:06","guid":{"rendered":"http:\/\/diplomaciafederativa.esy.es\/?page_id=43"},"modified":"2019-04-24T20:11:09","modified_gmt":"2019-04-24T23:11:09","slug":"ufmg-e-seccri","status":"publish","type":"page","link":"https:\/\/cdf.direito.ufmg.br\/?page_id=43","title":{"rendered":"UFMG e SECCRI"},"content":{"rendered":"<p style=\"text-align: justify;\">A parceria entre SECCRI e UFMG destaca-se pela import\u00e2ncia da uni\u00e3o entre gest\u00e3o p\u00fablica \u00a0 o ambiente acad\u00eamico, evidenciando o car\u00e1ter de atividade de extens\u00e3o do projeto. \u00a0A iniciativa, que tamb\u00e9m conta com o apoio da FAPEMIG, reafirma o m\u00e9rito em discutir quest\u00f5es relevantes para o Estado junto a acad\u00eamicos e pesquisadores, de modo a ampliar e aprofundar a abordagem de temas estrat\u00e9gicos para a gest\u00e3o p\u00fablica.<\/p>\n<p style=\"text-align: justify;\">Nesse sentido, deve-se ressaltar que a institui\u00e7\u00e3o do N\u00facleo Universit\u00e1rio Multidisciplinar para o Estado de Minas (NUMEM) foi o primeiro passo para estreitar os la\u00e7os entre pesquisa e gest\u00e3o. O n\u00facleo busca estruturar um canal de comunica\u00e7\u00e3o entre as universidades de Minas Gerais para assessoria nas demandas da sociedade. Desse modo, o projeto &#8220;Diplomacia Federativa e Coopera\u00e7\u00e3o Internacional&#8221; foi o plano pioneiro, a partir de um programa j\u00e1 exitoso da Universidade Federal de Minas Gerais, que est\u00e1 contribuindo efetivamente para atendimento das demandas do Estado, utilizando os conhecimentos gerados na Universidade P\u00fablica, no aprimoramento imediato das rela\u00e7\u00f5es de coopera\u00e7\u00e3o internacional entre Estados federados, munic\u00edpios, governos estrangeiros e organismos internacionais.<\/p>\n","protected":false},"excerpt":{"rendered":"<p>A parceria entre SECCRI e UFMG destaca-se pela import\u00e2ncia da uni\u00e3o entre gest\u00e3o p\u00fablica \u00a0 o ambiente acad\u00eamico, evidenciando o car\u00e1ter de atividade de extens\u00e3o do projeto. \u00a0A iniciativa, que tamb\u00e9m conta com o apoio da FAPEMIG, reafirma o m\u00e9rito em discutir quest\u00f5es relevantes para o Estado junto a acad\u00eamicos e pesquisadores, de modo a ampliar e aprofundar a abordagem de temas estrat\u00e9gicos para a gest\u00e3o p\u00fablica. Nesse sentido, deve-se ressaltar que a institui\u00e7\u00e3o do N\u00facleo Universit\u00e1rio Multidisciplinar para o Estado de Minas (NUMEM) foi o primeiro passo para estreitar os la\u00e7os entre pesquisa e gest\u00e3o. O n\u00facleo busca estruturar um canal de comunica\u00e7\u00e3o entre as universidades de Minas Gerais para assessoria nas demandas da sociedade. Desse modo, o projeto &#8220;Diplomacia Federativa e Coopera\u00e7\u00e3o Internacional&#8221; foi o plano pioneiro, a partir de um programa j\u00e1 exitoso da Universidade Federal de Minas Gerais, que est\u00e1 contribuindo efetivamente para atendimento das demandas do Estado, utilizando os conhecimentos gerados na Universidade P\u00fablica, no aprimoramento imediato das rela\u00e7\u00f5es de coopera\u00e7\u00e3o internacional entre Estados federados, munic\u00edpios, governos estrangeiros e organismos internacionais.<\/p>\n","protected":false},"author":1,"featured_media":0,"parent":0,"menu_order":0,"comment_status":"closed","ping_status":"closed","template":"","meta":{"footnotes":""},"class_list":["post-43","page","type-page","status-publish","hentry"],"_links":{"self":[{"href":"https:\/\/cdf.direito.ufmg.br\/index.php?rest_route=\/wp\/v2\/pages\/43","targetHints":{"allow":["GET"]}}],"collection":[{"href":"https:\/\/cdf.direito.ufmg.br\/index.php?rest_route=\/wp\/v2\/pages"}],"about":[{"href":"https:\/\/cdf.direito.ufmg.br\/index.php?rest_route=\/wp\/v2\/types\/page"}],"author":[{"embeddable":true,"href":"https:\/\/cdf.direito.ufmg.br\/index.php?rest_route=\/wp\/v2\/users\/1"}],"replies":[{"embeddable":true,"href":"https:\/\/cdf.direito.ufmg.br\/index.php?rest_route=%2Fwp%2Fv2%2Fcomments&post=43"}],"version-history":[{"count":0,"href":"https:\/\/cdf.direito.ufmg.br\/index.php?rest_route=\/wp\/v2\/pages\/43\/revisions"}],"wp:attachment":[{"href":"https:\/\/cdf.direito.ufmg.br\/index.php?rest_route=%2Fwp%2Fv2%2Fmedia&parent=43"}],"curies":[{"name":"wp","href":"https:\/\/api.w.org\/{rel}","templated":true}]}}