{"id":111,"date":"2016-06-18T19:45:29","date_gmt":"2016-06-18T22:45:29","guid":{"rendered":"http:\/\/diplomaciafederativa.esy.es\/?page_id=111"},"modified":"2019-04-24T20:11:09","modified_gmt":"2019-04-24T23:11:09","slug":"missao","status":"publish","type":"page","link":"https:\/\/cdf.direito.ufmg.br\/?page_id=111","title":{"rendered":"Miss\u00e3o"},"content":{"rendered":"<p style=\"text-align: justify;\">A Cl\u00ednica de Diplomacia Federativa visa promover consultorias e pesquisas envolvendo quest\u00f5es de diplomacia federativa, paradiplomacia e coopera\u00e7\u00e3o internacional, em mat\u00e9ria econ\u00f4mica, social, cultural, cient\u00edfica e tecnol\u00f3gica, educacional, desenvolvimento e promo\u00e7\u00e3o dos direitos humanos; al\u00e9m de identificar os principais atores envolvidos nos cen\u00e1rios das a\u00e7\u00f5es internacionais &#8211; subnacionais e interprovinciais \u2013 estabelecidas pelos Estados Federados e Munic\u00edpios; particularmente o Estado de Minas Gerais e cidades.<\/p>\n<p style=\"text-align: justify;\">\nO projeto de extens\u00e3o busca estabelecer um marco de atividades, tais como semin\u00e1rios, programas de estudos e treinamento direcionados; presta\u00e7\u00e3o de servi\u00e7os \u00e0 comunidade, cursos de atualiza\u00e7\u00e3o, al\u00e9m da elabora\u00e7\u00e3o de estudos espec\u00edficos sobre as quest\u00f5es envolvendo diplomacia federativa e treinamento em a\u00e7\u00f5es de coopera\u00e7\u00e3o internacional (subnacional e interprovincial), em contextos mais amplos que articulem os eixos governamentais dom\u00e9stico e global nas a\u00e7\u00f5es de rela\u00e7\u00f5es exteriores.<\/p>\n<p style=\"text-align: justify;\">\nA proposta de uma Cl\u00ednica de pr\u00e1ticas em Diplomacia Federativa e Coopera\u00e7\u00e3o Internacional na Faculdade de Direito e Ci\u00eancias do Estado tamb\u00e9m vislumbra contribui\u00e7\u00e3o para a forma\u00e7\u00e3o de profissionais nas rela\u00e7\u00f5es exteriores e advocacia internacionalista, al\u00e9m de quadros p\u00fablicos e especialistas em pol\u00edticas internacionalistas, em amplo espectro de dissemina\u00e7\u00e3o de conhecimento produzido a partir da, e para a, comunidade, diante de uma multiplicidade de interesses legitimamente identificados.<\/p>\n<p>De forma espec\u00edfica, a Miss\u00e3o da CDF se traduz em:<\/p>\n<p>i) Fomentar o estudo e pr\u00e1tica em a\u00e7\u00f5es de diplomacia federativa e coopera\u00e7\u00e3o internacional j\u00e1 desenvolvidas, e em desenvolvimento, por \u00f3rg\u00e3os do Estado de Minas Gerais, Munic\u00edpio de Belo Horizonte e outros munic\u00edpios mineiros;<br \/>\nii) Identificar demandas dos setores estatais\/governamentais, empresariais e terceiro setor no campo das a\u00e7\u00f5es de diplomacia federativa e de coopera\u00e7\u00e3o internacional, visualizando \u00e1reas priorit\u00e1rias (n\u00e3o exaustivamente, mat\u00e9rias econ\u00f4mica, social, cultural, educacional, sanit\u00e1ria, seguran\u00e7a, cient\u00edfica e tecnol\u00f3gica, empresarial e promo\u00e7\u00e3o dos direitos humanos);<br \/>\niii) Identificar alternativas de inser\u00e7\u00e3o discente em \u00f3rg\u00e3os de assessoria internacional de governos estaduais e municipais, al\u00e9m de organismos internacionais e advocacia internacional;<br \/>\niv) Realizar estudo t\u00e9cnico para consolida\u00e7\u00e3o de divis\u00e3o de coordena\u00e7\u00e3o em assuntos internacionais da Secretaria de Governo do Estado de Minas Gerais;<br \/>\nv) Promover a\u00e7\u00f5es de assessoria e consultoria em projetos envolvendo mecanismos de inser\u00e7\u00e3o do Estado de Minas Gerais e munic\u00edpios, empresas e terceiro setor no contexto;<br \/>\nvi) Produzir estudos, relat\u00f3rios, recomenda\u00e7\u00f5es e opini\u00f5es;<br \/>\nvii) Monitorar o desenvolvimento de a\u00e7\u00f5es de coopera\u00e7\u00e3o internacional;<br \/>\nviii) Estabelecer uma aproxima\u00e7\u00e3o com membros de organiza\u00e7\u00f5es da sociedade civil e setor privado e Minist\u00e9rio das Rela\u00e7\u00f5es Exteriores.<\/p>\n","protected":false},"excerpt":{"rendered":"<p>A Cl\u00ednica de Diplomacia Federativa visa promover consultorias e pesquisas envolvendo quest\u00f5es de diplomacia federativa, paradiplomacia e coopera\u00e7\u00e3o internacional, em mat\u00e9ria econ\u00f4mica, social, cultural, cient\u00edfica e tecnol\u00f3gica, educacional, desenvolvimento e promo\u00e7\u00e3o dos direitos humanos; al\u00e9m de identificar os principais atores envolvidos nos cen\u00e1rios das a\u00e7\u00f5es internacionais &#8211; subnacionais e interprovinciais \u2013 estabelecidas pelos Estados Federados e Munic\u00edpios; particularmente o Estado de Minas Gerais e cidades. O projeto de extens\u00e3o busca estabelecer um marco de atividades, tais como semin\u00e1rios, programas de estudos e treinamento direcionados; presta\u00e7\u00e3o de servi\u00e7os \u00e0 comunidade, cursos de atualiza\u00e7\u00e3o, al\u00e9m da elabora\u00e7\u00e3o de estudos espec\u00edficos sobre as quest\u00f5es envolvendo diplomacia federativa e treinamento em a\u00e7\u00f5es de coopera\u00e7\u00e3o internacional (subnacional e interprovincial), em contextos mais amplos que articulem os eixos governamentais dom\u00e9stico e global nas a\u00e7\u00f5es de rela\u00e7\u00f5es exteriores. A proposta de uma Cl\u00ednica de pr\u00e1ticas em Diplomacia Federativa e Coopera\u00e7\u00e3o Internacional na Faculdade de Direito e Ci\u00eancias do Estado tamb\u00e9m vislumbra contribui\u00e7\u00e3o para a forma\u00e7\u00e3o de profissionais nas rela\u00e7\u00f5es exteriores e advocacia internacionalista, al\u00e9m de quadros p\u00fablicos e especialistas em pol\u00edticas internacionalistas, em amplo espectro de dissemina\u00e7\u00e3o de conhecimento produzido a partir da, e para a, comunidade, diante de uma multiplicidade de interesses legitimamente identificados. De forma espec\u00edfica, a Miss\u00e3o da CDF se traduz em: i) Fomentar o estudo e pr\u00e1tica em a\u00e7\u00f5es de diplomacia federativa e coopera\u00e7\u00e3o internacional j\u00e1 desenvolvidas, e em desenvolvimento, por \u00f3rg\u00e3os do Estado de Minas Gerais, Munic\u00edpio de Belo Horizonte e outros munic\u00edpios mineiros; ii) Identificar demandas dos setores estatais\/governamentais, empresariais e terceiro setor no campo das a\u00e7\u00f5es de diplomacia federativa e de coopera\u00e7\u00e3o internacional, visualizando \u00e1reas priorit\u00e1rias (n\u00e3o exaustivamente, mat\u00e9rias econ\u00f4mica, social, cultural, educacional, sanit\u00e1ria, seguran\u00e7a, cient\u00edfica e tecnol\u00f3gica, empresarial e promo\u00e7\u00e3o dos direitos humanos); iii) Identificar alternativas de inser\u00e7\u00e3o discente em \u00f3rg\u00e3os de assessoria internacional de governos estaduais e municipais, al\u00e9m de organismos internacionais e advocacia internacional; iv) Realizar estudo t\u00e9cnico para consolida\u00e7\u00e3o de divis\u00e3o de coordena\u00e7\u00e3o em assuntos internacionais da Secretaria de Governo do Estado de Minas Gerais; v) Promover a\u00e7\u00f5es de assessoria e consultoria em projetos envolvendo mecanismos de inser\u00e7\u00e3o do Estado de Minas Gerais e munic\u00edpios, empresas e terceiro setor no contexto; vi) Produzir estudos, relat\u00f3rios, recomenda\u00e7\u00f5es e opini\u00f5es; vii) Monitorar o desenvolvimento de a\u00e7\u00f5es de coopera\u00e7\u00e3o internacional; viii) Estabelecer uma aproxima\u00e7\u00e3o com membros de organiza\u00e7\u00f5es da sociedade civil e setor privado e Minist\u00e9rio das Rela\u00e7\u00f5es Exteriores.<\/p>\n","protected":false},"author":1,"featured_media":0,"parent":0,"menu_order":0,"comment_status":"closed","ping_status":"closed","template":"","meta":{"footnotes":""},"class_list":["post-111","page","type-page","status-publish","hentry"],"_links":{"self":[{"href":"https:\/\/cdf.direito.ufmg.br\/index.php?rest_route=\/wp\/v2\/pages\/111","targetHints":{"allow":["GET"]}}],"collection":[{"href":"https:\/\/cdf.direito.ufmg.br\/index.php?rest_route=\/wp\/v2\/pages"}],"about":[{"href":"https:\/\/cdf.direito.ufmg.br\/index.php?rest_route=\/wp\/v2\/types\/page"}],"author":[{"embeddable":true,"href":"https:\/\/cdf.direito.ufmg.br\/index.php?rest_route=\/wp\/v2\/users\/1"}],"replies":[{"embeddable":true,"href":"https:\/\/cdf.direito.ufmg.br\/index.php?rest_route=%2Fwp%2Fv2%2Fcomments&post=111"}],"version-history":[{"count":0,"href":"https:\/\/cdf.direito.ufmg.br\/index.php?rest_route=\/wp\/v2\/pages\/111\/revisions"}],"wp:attachment":[{"href":"https:\/\/cdf.direito.ufmg.br\/index.php?rest_route=%2Fwp%2Fv2%2Fmedia&parent=111"}],"curies":[{"name":"wp","href":"https:\/\/api.w.org\/{rel}","templated":true}]}}