{"id":109,"date":"2016-06-18T19:45:10","date_gmt":"2016-06-18T22:45:10","guid":{"rendered":"http:\/\/diplomaciafederativa.esy.es\/?page_id=109"},"modified":"2019-04-24T20:11:09","modified_gmt":"2019-04-24T23:11:09","slug":"sobre","status":"publish","type":"page","link":"https:\/\/cdf.direito.ufmg.br\/?page_id=109","title":{"rendered":"Sobre"},"content":{"rendered":"<p style=\"text-align: justify;\">A Cl\u00ednica de Diplomacia Federativa &#8211; CDF, \u00e9 iniciativa de extens\u00e3o universit\u00e1ria, com n\u00famero de registro 402273, ativa desde 17\/03\/2015, associada \u00e0s \u00e1reas cient\u00edficas e t\u00e9cnicas relativas \u00e0 pr\u00e1tica e fomento da atua\u00e7\u00e3o de entes federados \u201csubnacionais\u201d ou \u201cn\u00e3o-centrais\u201d, em particular Estados Membros e Munic\u00edpios nas rela\u00e7\u00f5es internacionais.<\/p>\n<p style=\"text-align: justify;\">Quest\u00f5es relativas \u00e0 a\u00e7\u00e3o internacional \u2013 multilateral, regional e bilateral \u2013 dos entes federados t\u00eam sido amplamente discutidas na academia, em distintas vertentes do Direito Internacional, Direito Constitucional, Rela\u00e7\u00f5es Internacionais, Pol\u00edtica Internacional e Negocia\u00e7\u00f5es Diplom\u00e1ticas, carecendo, contudo, da constru\u00e7\u00e3o direcionada por experi\u00eancias com a comunidade de interessados, dentre os quais atores da sociedade civil, entidades governamentais, diplom\u00e1ticas, poderes legislativos e setores empresariais. A Cl\u00ednica, por conseguinte, \u00e9 pioneira no cen\u00e1rio brasileiro como refer\u00eancia na atua\u00e7\u00e3o no fen\u00f4meno da \u201cparadiplomacia\u201d ou \u201cdiplomacia federativa\u201d, que apresenta-se hoje constante na realidade do Estado brasileiro, em que Uni\u00e3o concorre com Estados Membros e Munic\u00edpios na tarefa de ampliar alternativas de coopera\u00e7\u00e3o internacional em mat\u00e9rias econ\u00f4mica, social, cultural, educacional, sanit\u00e1ria, seguran\u00e7a, cient\u00edfica e tecnol\u00f3gica, empresarial e de promo\u00e7\u00e3o dos direitos humanos.<\/p>\n<p style=\"text-align: justify;\">\nNo contexto da chamada pol\u00edtica externa federativa, os casos do Estado de Minas Gerais e de munic\u00edpios mineiros s\u00e3o utilizados como modelo aplicado para atividades de extens\u00e3o a serem desenvolvidas pela Cl\u00ednica composta de especialistas, docentes e discentes da Universidade Federal de Minas Gerais, proporcionando ambiente de integra\u00e7\u00e3o com demandas efetivas da sociedade nesse dom\u00ednio, em m\u00faltiplas esferas &#8211; governamental, empresarial e comercial. Por instrumentos de diplomacia federativa \u2013 o conjunto de a\u00e7\u00f5es e de intera\u00e7\u00f5es entre entes federados subnacionais nas rela\u00e7\u00f5es internacionais \u2013 tanto o Governo de Estado de Minas como de prefeituras mineiras podem empreender planos de internacionaliza\u00e7\u00e3o e de atua\u00e7\u00e3o nas esferas bilateral, regional e multilateral, com \u00eanfase na coopera\u00e7\u00e3o com entes federados irm\u00e3os em distintos Estados, ou organismos internacionais (e.g. ONU e ag\u00eancias, Banco Mundial, Banco Interamericano de Desenvolvimento, Uni\u00e3o Europeia).<\/p>\n<p style=\"text-align: justify;\">\nA CDF pretende, portanto, se consolidar como importante agente de inser\u00e7\u00e3o de segmentos da Universidade Federal de Minas Gerais em temas relacionados \u00e0s pr\u00e1ticas internacionalistas que reflitam a constru\u00e7\u00e3o do conhecimento em torno dos principais problemas envolvendo coopera\u00e7\u00e3o entre Estados federados e munic\u00edpios e governos estrangeiros e organismos internacionais, al\u00e9m do envolvimento dos atores \u2013 organiza\u00e7\u00f5es internacionais, sociedade civil, setores governamentais, empresas e indi\u00edvuos, em rela\u00e7\u00e3o de reciprocidade. Trata-se de uma vis\u00e3o de extens\u00e3o que compreende o objetivo mais amplo de forma\u00e7\u00e3o de docentes e discentes aptos a empreender projetos nas \u00e0reas de rela\u00e7\u00f5es de coopera\u00e7\u00e3o internacional e diplomacia federativa, para al\u00e9m das capacidades de investiga\u00e7\u00e3o cient\u00edfica que se consolidam no espa\u00e7o acad\u00eamico.<\/p>\n","protected":false},"excerpt":{"rendered":"<p>A Cl\u00ednica de Diplomacia Federativa &#8211; CDF, \u00e9 iniciativa de extens\u00e3o universit\u00e1ria, com n\u00famero de registro 402273, ativa desde 17\/03\/2015, associada \u00e0s \u00e1reas cient\u00edficas e t\u00e9cnicas relativas \u00e0 pr\u00e1tica e fomento da atua\u00e7\u00e3o de entes federados \u201csubnacionais\u201d ou \u201cn\u00e3o-centrais\u201d, em particular Estados Membros e Munic\u00edpios nas rela\u00e7\u00f5es internacionais. Quest\u00f5es relativas \u00e0 a\u00e7\u00e3o internacional \u2013 multilateral, regional e bilateral \u2013 dos entes federados t\u00eam sido amplamente discutidas na academia, em distintas vertentes do Direito Internacional, Direito Constitucional, Rela\u00e7\u00f5es Internacionais, Pol\u00edtica Internacional e Negocia\u00e7\u00f5es Diplom\u00e1ticas, carecendo, contudo, da constru\u00e7\u00e3o direcionada por experi\u00eancias com a comunidade de interessados, dentre os quais atores da sociedade civil, entidades governamentais, diplom\u00e1ticas, poderes legislativos e setores empresariais. A Cl\u00ednica, por conseguinte, \u00e9 pioneira no cen\u00e1rio brasileiro como refer\u00eancia na atua\u00e7\u00e3o no fen\u00f4meno da \u201cparadiplomacia\u201d ou \u201cdiplomacia federativa\u201d, que apresenta-se hoje constante na realidade do Estado brasileiro, em que Uni\u00e3o concorre com Estados Membros e Munic\u00edpios na tarefa de ampliar alternativas de coopera\u00e7\u00e3o internacional em mat\u00e9rias econ\u00f4mica, social, cultural, educacional, sanit\u00e1ria, seguran\u00e7a, cient\u00edfica e tecnol\u00f3gica, empresarial e de promo\u00e7\u00e3o dos direitos humanos. No contexto da chamada pol\u00edtica externa federativa, os casos do Estado de Minas Gerais e de munic\u00edpios mineiros s\u00e3o utilizados como modelo aplicado para atividades de extens\u00e3o a serem desenvolvidas pela Cl\u00ednica composta de especialistas, docentes e discentes da Universidade Federal de Minas Gerais, proporcionando ambiente de integra\u00e7\u00e3o com demandas efetivas da sociedade nesse dom\u00ednio, em m\u00faltiplas esferas &#8211; governamental, empresarial e comercial. Por instrumentos de diplomacia federativa \u2013 o conjunto de a\u00e7\u00f5es e de intera\u00e7\u00f5es entre entes federados subnacionais nas rela\u00e7\u00f5es internacionais \u2013 tanto o Governo de Estado de Minas como de prefeituras mineiras podem empreender planos de internacionaliza\u00e7\u00e3o e de atua\u00e7\u00e3o nas esferas bilateral, regional e multilateral, com \u00eanfase na coopera\u00e7\u00e3o com entes federados irm\u00e3os em distintos Estados, ou organismos internacionais (e.g. ONU e ag\u00eancias, Banco Mundial, Banco Interamericano de Desenvolvimento, Uni\u00e3o Europeia). A CDF pretende, portanto, se consolidar como importante agente de inser\u00e7\u00e3o de segmentos da Universidade Federal de Minas Gerais em temas relacionados \u00e0s pr\u00e1ticas internacionalistas que reflitam a constru\u00e7\u00e3o do conhecimento em torno dos principais problemas envolvendo coopera\u00e7\u00e3o entre Estados federados e munic\u00edpios e governos estrangeiros e organismos internacionais, al\u00e9m do envolvimento dos atores \u2013 organiza\u00e7\u00f5es internacionais, sociedade civil, setores governamentais, empresas e indi\u00edvuos, em rela\u00e7\u00e3o de reciprocidade. Trata-se de uma vis\u00e3o de extens\u00e3o que compreende o objetivo mais amplo de forma\u00e7\u00e3o de docentes e discentes aptos a empreender projetos nas \u00e0reas de rela\u00e7\u00f5es de coopera\u00e7\u00e3o internacional e diplomacia federativa, para al\u00e9m das capacidades de investiga\u00e7\u00e3o cient\u00edfica que se consolidam no espa\u00e7o acad\u00eamico.<\/p>\n","protected":false},"author":1,"featured_media":0,"parent":0,"menu_order":0,"comment_status":"closed","ping_status":"closed","template":"","meta":{"footnotes":""},"class_list":["post-109","page","type-page","status-publish","hentry"],"_links":{"self":[{"href":"https:\/\/cdf.direito.ufmg.br\/index.php?rest_route=\/wp\/v2\/pages\/109","targetHints":{"allow":["GET"]}}],"collection":[{"href":"https:\/\/cdf.direito.ufmg.br\/index.php?rest_route=\/wp\/v2\/pages"}],"about":[{"href":"https:\/\/cdf.direito.ufmg.br\/index.php?rest_route=\/wp\/v2\/types\/page"}],"author":[{"embeddable":true,"href":"https:\/\/cdf.direito.ufmg.br\/index.php?rest_route=\/wp\/v2\/users\/1"}],"replies":[{"embeddable":true,"href":"https:\/\/cdf.direito.ufmg.br\/index.php?rest_route=%2Fwp%2Fv2%2Fcomments&post=109"}],"version-history":[{"count":0,"href":"https:\/\/cdf.direito.ufmg.br\/index.php?rest_route=\/wp\/v2\/pages\/109\/revisions"}],"wp:attachment":[{"href":"https:\/\/cdf.direito.ufmg.br\/index.php?rest_route=%2Fwp%2Fv2%2Fmedia&parent=109"}],"curies":[{"name":"wp","href":"https:\/\/api.w.org\/{rel}","templated":true}]}}